{"id":883,"date":"2017-03-28T15:49:47","date_gmt":"2017-03-28T13:49:47","guid":{"rendered":"http:\/\/beta.ctrlaqua.no\/?page_id=883\/"},"modified":"2022-06-21T09:59:16","modified_gmt":"2022-06-21T07:59:16","slug":"om-ctrlaqua","status":"publish","type":"page","link":"https:\/\/ctrlaqua.no\/nb\/om-ctrlaqua\/","title":{"rendered":"Om CtrlAQUA"},"content":{"rendered":"<p>CtrlAQUA utvikler teknologiske og biologiske innovasjoner som kan brukes i strategiske deler av produksjonssyklusen for atlanterhavslaks, og som gj\u00f8r lukkede oppdrettssystemer (CCS) til en p\u00e5litelig og \u00f8konomisk levedyktig teknologi, og slik bidra til \u00e5 l\u00f8se de utfordringene som i dag hindrer havbruksn\u00e6ringen i \u00e5 realisere de visjonene myndigheter og andre har for bransjen.<\/p>\n<p>For at n\u00e6ringen skal kunne vokse slik man \u00f8nsker, m\u00e5 man redusere milj\u00f8virkningene og fisked\u00f8deligheten, og da er man avhengig av en sterk og vedvarende satsning p\u00e5 forskning og utvikling. CtrlAQUAs bidrag i dette henseendet er \u00e5 utvikle den teknologien og den kunnskapen man trenger for \u00e5 etablere produksjon av atlanterhavslaks, i strategiske livsstadier, i lukkede systemer.<\/p>\n<div id=\"attachment_121\" style=\"width: 610px\" class=\"wp-caption alignleft\"><img loading=\"lazy\" decoding=\"async\" aria-describedby=\"caption-attachment-121\" class=\"wp-image-121\" src=\"https:\/\/ctrlaqua.no\/wp-content\/uploads\/sites\/21\/2015\/05\/nofima-laks-1000px-300x200.jpg\" alt=\"\" width=\"600\" height=\"400\" srcset=\"https:\/\/ctrlaqua.no\/wp-content\/uploads\/sites\/21\/2015\/05\/nofima-laks-1000px-300x200.jpg 300w, https:\/\/ctrlaqua.no\/wp-content\/uploads\/sites\/21\/2015\/05\/nofima-laks-1000px-768x512.jpg 768w, https:\/\/ctrlaqua.no\/wp-content\/uploads\/sites\/21\/2015\/05\/nofima-laks-1000px.jpg 1000w\" sizes=\"auto, (max-width: 600px) 100vw, 600px\" \/><p id=\"caption-attachment-121\" class=\"wp-caption-text\">Postsmolt av laks. Foto: Terje Aamodt\u00a9Nofima.<\/p><\/div>\n","protected":false},"excerpt":{"rendered":"<p>CtrlAQUA utvikler teknologiske og biologiske innovasjoner som kan brukes i strategiske deler av produksjonssyklusen for atlanterhavslaks, og som gj\u00f8r lukkede oppdrettssystemer (CCS) til en p\u00e5litelig og \u00f8konomisk levedyktig teknologi, og slik bidra til \u00e5 l\u00f8se de utfordringene som i dag hindrer havbruksn\u00e6ringen i \u00e5 realisere de visjonene myndigheter og andre har for bransjen. For at [&hellip;]<\/p>\n","protected":false},"author":1,"featured_media":0,"parent":0,"menu_order":4,"comment_status":"closed","ping_status":"closed","template":"","meta":{"_acf_changed":false,"footnotes":""},"class_list":["post-883","page","type-page","status-publish","hentry"],"acf":[],"_links":{"self":[{"href":"https:\/\/ctrlaqua.no\/nb\/wp-json\/wp\/v2\/pages\/883","targetHints":{"allow":["GET"]}}],"collection":[{"href":"https:\/\/ctrlaqua.no\/nb\/wp-json\/wp\/v2\/pages"}],"about":[{"href":"https:\/\/ctrlaqua.no\/nb\/wp-json\/wp\/v2\/types\/page"}],"author":[{"embeddable":true,"href":"https:\/\/ctrlaqua.no\/nb\/wp-json\/wp\/v2\/users\/1"}],"replies":[{"embeddable":true,"href":"https:\/\/ctrlaqua.no\/nb\/wp-json\/wp\/v2\/comments?post=883"}],"version-history":[{"count":9,"href":"https:\/\/ctrlaqua.no\/nb\/wp-json\/wp\/v2\/pages\/883\/revisions"}],"predecessor-version":[{"id":5270,"href":"https:\/\/ctrlaqua.no\/nb\/wp-json\/wp\/v2\/pages\/883\/revisions\/5270"}],"wp:attachment":[{"href":"https:\/\/ctrlaqua.no\/nb\/wp-json\/wp\/v2\/media?parent=883"}],"curies":[{"name":"wp","href":"https:\/\/api.w.org\/{rel}","templated":true}]}}