{"id":887,"date":"2017-03-28T15:50:26","date_gmt":"2017-03-28T13:50:26","guid":{"rendered":"http:\/\/beta.ctrlaqua.no\/?page_id=887\/"},"modified":"2017-03-29T10:14:13","modified_gmt":"2017-03-29T08:14:13","slug":"mal","status":"publish","type":"page","link":"https:\/\/ctrlaqua.no\/nb\/om-ctrlaqua\/mal\/","title":{"rendered":"M\u00e5l"},"content":{"rendered":"<h2>V\u00e5r visjon<\/h2>\n<p>CtrlAQUA skal utvikle nye l\u00f8sninger til fremme for norsk havbruk og sikre Norges stilling som verdens fremste leverand\u00f8r av havbrukskompetanse og -teknologi og av b\u00e6rekraftig sj\u00f8mat.<\/p>\n<h2>V\u00e5r m\u00e5lsetting<\/h2>\n<p>Utvikle teknologiske og biologiske innovasjoner som kan brukes i strategiske deler av produksjonssyklusen for atlanterhavslaks, og som gj\u00f8r lukkede oppdrettssystemer (CCS) til en p\u00e5litelig og \u00f8konomisk levedyktig teknologi, og slik bidra til \u00e5 l\u00f8se de utfordringene som i dag hindrer havbruksn\u00e6ringen i \u00e5 realisere de visjonene myndigheter og andre har for bransjen.<\/p>\n<p>For at n\u00e6ringen skal kunne vokse slik man \u00f8nsker, m\u00e5 man redusere milj\u00f8virkningene og fisked\u00f8deligheten, og da er man avhengig av en sterk og vedvarende satsning p\u00e5 forskning og utvikling. CtrlAQUAs bidrag i dette henseendet vil v\u00e6re \u00e5 utvikle den teknologien og den kunnskapen man trenger for \u00e5 etablere produksjon av atlanterhavslaks, i strategiske livsstadier, i lukkede systemer.<\/p>\n<h2>Hovedm\u00e5lsettingene til de tre forskningsavdelingene er som f\u00f8lger:<\/h2>\n<p>&nbsp;<\/p>\n<h6><span style=\"color: #e74200\">Teknologi og milj\u00f8:<\/span><\/h6>\n<p>Gj\u00f8re det mulig med h\u00f8y grad av produksjonskontroll ved \u00e5 legge til rette for utvikling av ny CCS-teknologi, nye vannbehandlingsprosesser og nye sensorer.<\/p>\n<h6><span style=\"color: #e74200\">Fiskeproduksjon og -velferd:<\/span><\/h6>\n<p>Skaffe til veie kunnskap og innovasjoner som gj\u00f8r at man kan fastsl\u00e5 atlanterhavslaksens milj\u00f8messige og biologiske behov i lukkede oppdrettssystemer.<\/p>\n<h6><span style=\"color: #e74200\">Forebyggende fiskehelse:<\/span><\/h6>\n<p>Utvikle nye verkt\u00f8yer som bedrer kontrollen med patogener, minsker risikoen for sykdom og styrker fiskehelsen i lukkede oppdrettssystemer.<\/p>\n","protected":false},"excerpt":{"rendered":"<p>V\u00e5r visjon CtrlAQUA skal utvikle nye l\u00f8sninger til fremme for norsk havbruk og sikre Norges stilling som verdens fremste leverand\u00f8r av havbrukskompetanse og -teknologi og av b\u00e6rekraftig sj\u00f8mat. V\u00e5r m\u00e5lsetting Utvikle teknologiske og biologiske innovasjoner som kan brukes i strategiske deler av produksjonssyklusen for atlanterhavslaks, og som gj\u00f8r lukkede oppdrettssystemer (CCS) til en p\u00e5litelig og [&hellip;]<\/p>\n","protected":false},"author":1,"featured_media":0,"parent":883,"menu_order":26,"comment_status":"closed","ping_status":"closed","template":"","meta":{"_acf_changed":false,"footnotes":""},"class_list":["post-887","page","type-page","status-publish","hentry"],"acf":[],"_links":{"self":[{"href":"https:\/\/ctrlaqua.no\/nb\/wp-json\/wp\/v2\/pages\/887","targetHints":{"allow":["GET"]}}],"collection":[{"href":"https:\/\/ctrlaqua.no\/nb\/wp-json\/wp\/v2\/pages"}],"about":[{"href":"https:\/\/ctrlaqua.no\/nb\/wp-json\/wp\/v2\/types\/page"}],"author":[{"embeddable":true,"href":"https:\/\/ctrlaqua.no\/nb\/wp-json\/wp\/v2\/users\/1"}],"replies":[{"embeddable":true,"href":"https:\/\/ctrlaqua.no\/nb\/wp-json\/wp\/v2\/comments?post=887"}],"version-history":[{"count":6,"href":"https:\/\/ctrlaqua.no\/nb\/wp-json\/wp\/v2\/pages\/887\/revisions"}],"predecessor-version":[{"id":992,"href":"https:\/\/ctrlaqua.no\/nb\/wp-json\/wp\/v2\/pages\/887\/revisions\/992"}],"up":[{"embeddable":true,"href":"https:\/\/ctrlaqua.no\/nb\/wp-json\/wp\/v2\/pages\/883"}],"wp:attachment":[{"href":"https:\/\/ctrlaqua.no\/nb\/wp-json\/wp\/v2\/media?parent=887"}],"curies":[{"name":"wp","href":"https:\/\/api.w.org\/{rel}","templated":true}]}}