{"id":891,"date":"2017-03-28T15:52:01","date_gmt":"2017-03-28T13:52:01","guid":{"rendered":"http:\/\/beta.ctrlaqua.no\/?page_id=891\/"},"modified":"2022-06-21T09:42:26","modified_gmt":"2022-06-21T07:42:26","slug":"avdelinger","status":"publish","type":"page","link":"https:\/\/ctrlaqua.no\/nb\/avdelinger\/","title":{"rendered":"Avdelinger"},"content":{"rendered":"<p>Arbeidet ved sentret vil v\u00e6re tverrfaglig, siden vi mener at utfordringene lakseoppdrettsn\u00e6ringen st\u00e5r overfor, ikke kan l\u00f8ses med en rent teknologisk eller biologisk tiln\u00e6rming. Det vil dermed kunne realiseres viktige innovasjoner gjennom et tett samarbeid mellom tre avdelinger:<\/p>\n<h6><span style=\"color: #e74242\">Teknologi og milj\u00f8<\/span><\/h6>\n<p><img loading=\"lazy\" decoding=\"async\" class=\"alignright size-thumbnail wp-image-85\" src=\"http:\/\/ctrlaqua.no\/wp-content\/uploads\/sites\/21\/2015\/05\/lukket-anlegg-150x150.png\" alt=\"\" width=\"150\" height=\"150\" \/>Gjennom et tett samarbeid mellom teknologileverand\u00f8rer, oppdrettsselskaper og FoU-institusjoner vil denne avdelingen fokusere p\u00e5:<\/p>\n<ul>\n<li>ny teknologi innen semilukkede systemer (S-CCS)<\/li>\n<li>nye behandlingsenheter og -protokoller i resirkuleringssystemer (RAS)<\/li>\n<li>nye sensorsystemer<\/li>\n<\/ul>\n<p>Avdelingen ledes av dr. Jelena Kolarevic ved Nofima\/UiT: <a href=\"mailto:jelena.kolarevic@nofima.no\">jelena.kolarevic@nofima.no<\/a><\/p>\n<h6><span style=\"color: #e74242\">Fiskeproduksjon og -velferd<\/span><\/h6>\n<p><img loading=\"lazy\" decoding=\"async\" class=\"alignright size-thumbnail wp-image-81\" src=\"http:\/\/ctrlaqua.no\/wp-content\/uploads\/sites\/21\/2015\/05\/laks-150x150.png\" alt=\"\" width=\"150\" height=\"150\" \/>Denne avdelingen skal arbeide med faktorer som begrenser eller er til skade for laksens fysiologiske systemer i lukkede systemer (CCS), og vil dermed spille en viktig st\u00f8tterolle i teknologiutviklingen ved sentret. Avdelingen vil bidra med tekniske og styringsrelaterte innovasjoner som:<\/p>\n<ul>\n<li>nye databaser over laksens milj\u00f8messige og biologiske behov i lukkede systemer<\/li>\n<li>nye verkt\u00f8y for vurdering av kvaliteten p\u00e5 smolt og postsmolt<\/li>\n<li>et \u00absertifikat for robust postsmolt\u00bb, som vil bli kommersialisert av brukerpartnerne<\/li>\n<\/ul>\n<p>Avdelingen ledes av dr. Tom Ole Nilsen ved Norce: <a href=\"mailto:tnil@norceresearch.no\">tnil@norceresearch.no<\/a><\/p>\n<h6><span style=\"color: #e74242\">Forebyggende fiskehelse<\/span><\/h6>\n<p><img loading=\"lazy\" decoding=\"async\" class=\"alignright size-thumbnail wp-image-77\" src=\"http:\/\/ctrlaqua.no\/wp-content\/uploads\/sites\/21\/2015\/05\/gjeller-150x150.png\" alt=\"\" width=\"150\" height=\"150\" \/>I denne avdelingen kommer CtrlAQUAs partnere i samarbeid med politikkutformere til \u00e5 identifisere utfordringer knyttet til patogener, epizootologi og beskyttelsesmekanismer og etablere n\u00f8dvendig biologisk kunnskap p\u00e5 feltet. Fors\u00f8ksarbeidet vil bli koblet til aktivitetene i de to andre avdelingene. Mark\u00f8rer og patogener av interesse vil bli identifisert og brukt til utvikling av diagnosetester og vaksiner, som vil bli kommersialisert av brukerpartnerne.<\/p>\n<p>Avdelingen ledes av dr. Lill-Heidi Johansen ved Nofima:\u00a0<a href=\"mailto:lill-heidi.johansen@nofima.no\">lill-heidi.johansen@nofima.no<\/a><\/p>\n<h6><span style=\"color: #e74242\">Oppl\u00e6ring og rekruttering<\/span><\/h6>\n<p><img loading=\"lazy\" decoding=\"async\" class=\"alignright size-thumbnail wp-image-75\" src=\"http:\/\/ctrlaqua.no\/wp-content\/uploads\/sites\/21\/2015\/05\/forskning-150x150.png\" alt=\"\" width=\"150\" height=\"150\" \/>CtrlAQUA skal ikke bare utvikle teknologiske og biologiske innovasjoner, men ogs\u00e5 st\u00e5 for utdanning og oppl\u00e6ring av unge forskere p\u00e5 et ledende internasjonalt niv\u00e5. Denne delen av arbeidet er lagt til avdelingen Oppl\u00e6ring og rekruttering.\u00a0Vi mener at CtrlAQUA vil kunne v\u00e6re et spennende, innovativt og stimulerende intellektuelt milj\u00f8 for b\u00e5de studenter, forskere og bes\u00f8kende. Rekruttering og oppl\u00e6ring av studenter og unge forskere vil v\u00e6re en integrert del av sentrets virksomhet. Studentene vil bli eksponert for en rekke ulike metoder og tiln\u00e6rminger til sentrale sp\u00f8rsm\u00e5l innen akvakulturteknologi, fiskebiologi og fiskehelse, der man trekker veksler p\u00e5 b\u00e5de reduksjonistiske og holistiske tradisjoner. Det vil bli utarbeidet studieprogrammer for doktorgradsstudenter innenfor rammen av forskerskolene ved Institutt for biologi ved Universitetet i Bergen (UiB) og Institutt for kjemi ved Norges teknisk-naturvitenskapelige universitet (NTNU).<\/p>\n<p>Avdelingen ledes av dr. Sigurd Stefansson ved UiB:\u00a0<a href=\"mailto:sigurd.stefansson@uib.no\">sigurd.stefansson@uib.no<\/a><\/p>\n<div id=\"attachment_982\" style=\"width: 610px\" class=\"wp-caption alignleft\"><img loading=\"lazy\" decoding=\"async\" aria-describedby=\"caption-attachment-982\" class=\"wp-image-982\" src=\"http:\/\/ctrlaqua.no\/wp-content\/uploads\/sites\/21\/2017\/03\/Zhang-lab-14-300x200.jpg\" alt=\"\" width=\"600\" height=\"400\" srcset=\"https:\/\/ctrlaqua.no\/wp-content\/uploads\/sites\/21\/2017\/03\/Zhang-lab-14-300x200.jpg 300w, https:\/\/ctrlaqua.no\/wp-content\/uploads\/sites\/21\/2017\/03\/Zhang-lab-14-768x512.jpg 768w, https:\/\/ctrlaqua.no\/wp-content\/uploads\/sites\/21\/2017\/03\/Zhang-lab-14-1024x683.jpg 1024w\" sizes=\"auto, (max-width: 600px) 100vw, 600px\" \/><p id=\"caption-attachment-982\" class=\"wp-caption-text\">Xiaoxue Zhang er en av 15 stipendiater som skal ta sin PhD grad i tilknytning til CtrlAQUA senteret. Foto: Per Henning\u00a9NTNU.<\/p><\/div>\n","protected":false},"excerpt":{"rendered":"<p>Arbeidet ved sentret vil v\u00e6re tverrfaglig, siden vi mener at utfordringene lakseoppdrettsn\u00e6ringen st\u00e5r overfor, ikke kan l\u00f8ses med en rent teknologisk eller biologisk tiln\u00e6rming. Det vil dermed kunne realiseres viktige innovasjoner gjennom et tett samarbeid mellom tre avdelinger: Teknologi og milj\u00f8 Gjennom et tett samarbeid mellom teknologileverand\u00f8rer, oppdrettsselskaper og FoU-institusjoner vil denne avdelingen fokusere p\u00e5: [&hellip;]<\/p>\n","protected":false},"author":1,"featured_media":0,"parent":0,"menu_order":10,"comment_status":"closed","ping_status":"closed","template":"","meta":{"_acf_changed":false,"footnotes":""},"class_list":["post-891","page","type-page","status-publish","hentry"],"acf":[],"_links":{"self":[{"href":"https:\/\/ctrlaqua.no\/nb\/wp-json\/wp\/v2\/pages\/891","targetHints":{"allow":["GET"]}}],"collection":[{"href":"https:\/\/ctrlaqua.no\/nb\/wp-json\/wp\/v2\/pages"}],"about":[{"href":"https:\/\/ctrlaqua.no\/nb\/wp-json\/wp\/v2\/types\/page"}],"author":[{"embeddable":true,"href":"https:\/\/ctrlaqua.no\/nb\/wp-json\/wp\/v2\/users\/1"}],"replies":[{"embeddable":true,"href":"https:\/\/ctrlaqua.no\/nb\/wp-json\/wp\/v2\/comments?post=891"}],"version-history":[{"count":19,"href":"https:\/\/ctrlaqua.no\/nb\/wp-json\/wp\/v2\/pages\/891\/revisions"}],"predecessor-version":[{"id":5267,"href":"https:\/\/ctrlaqua.no\/nb\/wp-json\/wp\/v2\/pages\/891\/revisions\/5267"}],"wp:attachment":[{"href":"https:\/\/ctrlaqua.no\/nb\/wp-json\/wp\/v2\/media?parent=891"}],"curies":[{"name":"wp","href":"https:\/\/api.w.org\/{rel}","templated":true}]}}