{"id":893,"date":"2017-03-28T15:52:25","date_gmt":"2017-03-28T13:52:25","guid":{"rendered":"http:\/\/beta.ctrlaqua.no\/?page_id=893\/"},"modified":"2022-06-21T09:47:23","modified_gmt":"2022-06-21T07:47:23","slug":"fasiliteter","status":"publish","type":"page","link":"https:\/\/ctrlaqua.no\/nb\/fasiliteter\/","title":{"rendered":"Fasiliteter"},"content":{"rendered":"<p>CtrlAQUA tilgang til flere eksisterende, toppmoderne forskningsanlegg som er godt egnet til forskningsoppgavene.<\/p>\n<h2>Nofima senter for resirkulering i akvakultur (NCRA)<\/h2>\n<p>Et anlegg som er det eneste av sitt slag i Europa, og som brukes til fors\u00f8k i liten eller semikommersiell skala (S-CCS og RAS). Anlegget er en del av\u00a0<a href=\"https:\/\/aquaexcel.eu\/\" target=\"_blank\" rel=\"noopener noreferrer\">AquaExcel 3.0<\/a>, et system for tverrnasjonal forskertilgang til fors\u00f8ksfasiliteter.<\/p>\n<p>Det 2300\u00a0m2\u00a0store anlegget har seks fors\u00f8kshaller med til sammen 57 kar p\u00e5 0,5, 3 eller 100\u00a0m3 og fire uavhengige resirkuleringssystemer (karene kan ogs\u00e5 brukes med gjennomstr\u00f8mningsvann). Videre har anlegget lab for pr\u00f8vetaking og kontroll- og m\u00f8terom. Vannet, som holder en fastsatt temperatur, er enten fersk- eller saltvann eller en blanding. NCRA drives med PLS-styringer med muligheter for ekstern tilgang og kan dermed styres og overv\u00e5kes i sanntid.<\/p>\n<div id=\"attachment_2117\" style=\"width: 1034px\" class=\"wp-caption aligncenter\"><a href=\"https:\/\/ctrlaqua.no\/wp-content\/uploads\/sites\/21\/2020\/09\/2020820_terjeaamodt_nofima_1912.jpg\" data-rel=\"lightbox-image-0\" data-rl_title=\"\" data-rl_caption=\"\" title=\"\"><img loading=\"lazy\" decoding=\"async\" aria-describedby=\"caption-attachment-2117\" class=\"wp-image-2117 size-large\" src=\"https:\/\/ctrlaqua.no\/wp-content\/uploads\/sites\/21\/2020\/09\/2020820_terjeaamodt_nofima_1912-1024x683.jpg\" alt=\"\" width=\"1024\" height=\"683\" srcset=\"https:\/\/ctrlaqua.no\/wp-content\/uploads\/sites\/21\/2020\/09\/2020820_terjeaamodt_nofima_1912-1024x683.jpg 1024w, https:\/\/ctrlaqua.no\/wp-content\/uploads\/sites\/21\/2020\/09\/2020820_terjeaamodt_nofima_1912-300x200.jpg 300w, https:\/\/ctrlaqua.no\/wp-content\/uploads\/sites\/21\/2020\/09\/2020820_terjeaamodt_nofima_1912-768x512.jpg 768w, https:\/\/ctrlaqua.no\/wp-content\/uploads\/sites\/21\/2020\/09\/2020820_terjeaamodt_nofima_1912-1536x1024.jpg 1536w, https:\/\/ctrlaqua.no\/wp-content\/uploads\/sites\/21\/2020\/09\/2020820_terjeaamodt_nofima_1912-2048x1365.jpg 2048w\" sizes=\"auto, (max-width: 1024px) 100vw, 1024px\" \/><\/a><p id=\"caption-attachment-2117\" class=\"wp-caption-text\">Nofima forsker studerer vannstr\u00f8mmer i NCRA Foto: Terje Aamodt\/Nofima.<\/p><\/div>\n<h2>Industrilaboratoriet i Bergen<\/h2>\n<p>Ved Norce\/UiB kommer sentret til \u00e5 bruke Industrilaboratoriet i Bergen (ILAB, ISO-godkjent 9001), et landbasert anlegg med \u00e5tte separate laboratorier og mer enn 50 \u00e9nmeterskar (500 l).<\/p>\n<p>Alle karene er utstyrt med blandekar og har muligheter for styring av temperatur (4\u201330\u00a0\u00b0C) og saltholdighet (0\u201334\u00a0ppt). Det ligger et karanteneanlegg ved siden av anlegget som er sertifisert til \u00e5 gjennomf\u00f8re fors\u00f8k innen b\u00e5de bakterie- og virusutfordringer.<\/p>\n<h2>Freshwater Institute (Shepherdstown, Vest-Virginia, USA)<\/h2>\n<p>Freshwater Institute\u00a0(Shepherdstown, Vest-Virginia, USA) har en hovedbygning med kontorer, v\u00e5tlab, t\u00f8rrlab for fiskehelse og vannkjemilaboratorier.<\/p>\n<p>Instituttet har 41 kar med gjennomstr\u00f8mningsvann (0,5\u20131,5\u00a0m3), sju kar i fem systemer med delvis gjenbruk av vann (hvert p\u00e5 5\u201311 m3), seks kar i seks replikerte resirkuleringssystemer (hvert p\u00e5 5\u00a0m3) og ett stort kar i et resirkuleringssystem (150\u00a0m3).<\/p>\n<h2>Mowis forskningsanlegg p\u00e5 Molnes<\/h2>\n<p>CtrlAQUA har tilgang til Mowi sitt forskningsanlegg p\u00e5 Molnes, som har et semilukket system av typen Neptun fra Aquafarm Equipment. Her gjennomf\u00f8rer vi unike unders\u00f8kelser under kontrollerte storskalaforhold.<\/p>\n<p>Neptun-plattformen (st\u00f8rrelse: 21\u00a0000 m3) omfatter fire v\u00e5toppstilte pumper (til sammen 600 m3\/min), som henter vann fra 25 m dybde. Oksygenniv\u00e5et i inntaksvannet oppstr\u00f8ms for hver pumpe blir kontinuerlig regulert. F\u00f4ravfall og avf\u00f8ring samles opp fra senteravl\u00f8pet og pumpes inn i en utskiller.<\/p>\n<h2>Grieg SeaFoods storskala RAS-anlegg i Adamselv<\/h2>\n<p>CtrlAQUA har tilgang til\u00a0Grieg SeaFoods storskala RAS-anlegg i Adamselv.<\/p>\n<p>Anlegget har fire separate resirkuleringssystemer for postsmolt med brakk-\/sj\u00f8vann, hvert med fire kar. Det samlede volumet ved anlegget er 10\u00a0000\u00a0m3, og f\u00f4ringskapasiteten er p\u00e5 4000 tonn i \u00e5ret. To av resirkuleringssystemene har kar p\u00e5 henholdsvis 2 x 400\u00a0m3 og 2 x 700\u00a0m3, de to andre p\u00e5 4 x 700\u00a0m3. Temperatur og saltholdighet kan stilles inn for hvert enkelt resirkuleringssystem, og systemene har mikrosiler og MBBR-er (\u00abmoving bed bioreactors\u00bb).<\/p>\n<h2>Ler\u00f8y SeaFood Groups CCS-testanlegg i Samnanger<\/h2>\n<p>Senteret har ogs\u00e5 tilgang til Ler\u00f8y SeaFood Groups CCS-testanlegg i Samnanger og et merdanlegg like ved, der man vil kunne sammenlikne tilvekst, velferd og helse i lukkede og tradisjonelle systemer.<\/p>\n","protected":false},"excerpt":{"rendered":"<p>CtrlAQUA tilgang til flere eksisterende, toppmoderne forskningsanlegg som er godt egnet til forskningsoppgavene. Nofima senter for resirkulering i akvakultur (NCRA) Et anlegg som er det eneste av sitt slag i Europa, og som brukes til fors\u00f8k i liten eller semikommersiell skala (S-CCS og RAS). Anlegget er en del av\u00a0AquaExcel 3.0, et system for tverrnasjonal forskertilgang [&hellip;]<\/p>\n","protected":false},"author":1,"featured_media":0,"parent":0,"menu_order":11,"comment_status":"closed","ping_status":"closed","template":"","meta":{"_acf_changed":false,"footnotes":""},"class_list":["post-893","page","type-page","status-publish","hentry"],"acf":[],"_links":{"self":[{"href":"https:\/\/ctrlaqua.no\/nb\/wp-json\/wp\/v2\/pages\/893","targetHints":{"allow":["GET"]}}],"collection":[{"href":"https:\/\/ctrlaqua.no\/nb\/wp-json\/wp\/v2\/pages"}],"about":[{"href":"https:\/\/ctrlaqua.no\/nb\/wp-json\/wp\/v2\/types\/page"}],"author":[{"embeddable":true,"href":"https:\/\/ctrlaqua.no\/nb\/wp-json\/wp\/v2\/users\/1"}],"replies":[{"embeddable":true,"href":"https:\/\/ctrlaqua.no\/nb\/wp-json\/wp\/v2\/comments?post=893"}],"version-history":[{"count":15,"href":"https:\/\/ctrlaqua.no\/nb\/wp-json\/wp\/v2\/pages\/893\/revisions"}],"predecessor-version":[{"id":5269,"href":"https:\/\/ctrlaqua.no\/nb\/wp-json\/wp\/v2\/pages\/893\/revisions\/5269"}],"wp:attachment":[{"href":"https:\/\/ctrlaqua.no\/nb\/wp-json\/wp\/v2\/media?parent=893"}],"curies":[{"name":"wp","href":"https:\/\/api.w.org\/{rel}","templated":true}]}}